{"id":176,"date":"2024-09-19T14:09:41","date_gmt":"2024-09-19T14:09:41","guid":{"rendered":"https:\/\/oflyer.wordifysites.com\/?page_id=176"},"modified":"2024-09-25T19:02:02","modified_gmt":"2024-09-25T19:02:02","slug":"mentions-legales","status":"publish","type":"page","link":"https:\/\/www.oflyer.hawoly.bubbledouche.fr\/?page_id=176","title":{"rendered":"Mentions l\u00e9gales"},"content":{"rendered":"<h2 class=\"wp-block-heading\">1. <strong>\u00c9diteur du site<\/strong><\/h2><p>Le site O&#8217;Flyer (<a href=\"https:\/\/www.oflyer.hawoly.bubbledouche.fr\/\">https:\/\/www.oflyer.hawoly.bubbledouche.fr\/<\/a>) est \u00e9dit\u00e9 par :<\/p><ul class=\"wp-block-list\"><li><strong>Nom de l&#8217;\u00e9diteur<\/strong> : Oumou Tour\u00e9<\/li>\n\n<li><strong>Adresse<\/strong> : 25 rue Ambroise mar\u00e9chal<\/li>\n\n<li><strong>Adresse e-mail<\/strong> : oflyer@gmail.com<\/li>\n\n<li><strong>Num\u00e9ro de t\u00e9l\u00e9phone<\/strong> : <\/li>\n\n<li><strong>Responsable de la publication<\/strong> : Oumou Tour\u00e9<\/li><\/ul><h2 class=\"wp-block-heading\">2. <strong>H\u00e9bergeur du site<\/strong><\/h2><p>Le site O&#8217;Flyer est h\u00e9berg\u00e9 par :<\/p><ul class=\"wp-block-list\"><li><strong>Nom de l&#8217;h\u00e9bergeur<\/strong> : Wordify Sites<\/li>\n\n<li><strong>Site web<\/strong> : <a href=\"https:\/\/wordify.com\">https:\/\/wordify.com<\/a><\/li><\/ul><h2 class=\"wp-block-heading\">3. <strong>Propri\u00e9t\u00e9 intellectuelle<\/strong><\/h2><p>L\u2019ensemble des contenus pr\u00e9sents sur le site O&#8217;Flyer (textes, images, logos, etc.) est prot\u00e9g\u00e9 par les lois en vigueur sur la propri\u00e9t\u00e9 intellectuelle. Toute reproduction, distribution, modification, adaptation, retransmission ou publication, m\u00eame partielle, de ces \u00e9l\u00e9ments est strictement interdite sans l&#8217;accord expr\u00e8s par \u00e9crit de Oumou Tour\u00e9.<\/p><h2 class=\"wp-block-heading\">4. <strong>Donn\u00e9es personnelles<\/strong><\/h2><p>Conform\u00e9ment au <strong>R\u00e8glement G\u00e9n\u00e9ral sur la Protection des Donn\u00e9es (RGPD)<\/strong> en vigueur dans l&#8217;Union europ\u00e9enne, O&#8217;Flyer recueille et traite les donn\u00e9es personnelles de ses utilisateurs dans le respect de leur vie priv\u00e9e.<br>Les informations collect\u00e9es via le site sont utilis\u00e9es exclusivement pour la gestion des commandes, l&#8217;am\u00e9lioration des services, et la communication avec les clients.<\/p><ul class=\"wp-block-list\"><li><strong>Droit d&#8217;acc\u00e8s et de rectification<\/strong> : Vous avez le droit de consulter, modifier, ou demander la suppression de vos donn\u00e9es personnelles \u00e0 tout moment.<\/li>\n\n<li><strong>Droit \u00e0 l&#8217;effacement (droit \u00e0 l&#8217;oubli)<\/strong> : Vous pouvez demander l\u2019effacement de vos donn\u00e9es personnelles, sous certaines conditions pr\u00e9vues par la l\u00e9gislation.<\/li>\n\n<li><strong>Droit \u00e0 la portabilit\u00e9 des donn\u00e9es<\/strong> : Vous pouvez demander que vos donn\u00e9es personnelles vous soient remises ou transf\u00e9r\u00e9es \u00e0 un tiers de votre choix dans un format structur\u00e9 et lisible par machine.<\/li><\/ul><p>Pour exercer ces droits, veuillez envoyer un e-mail \u00e0 : (ajouter ton adresse e-mail de contact).<\/p><p><strong>Responsable du traitement des donn\u00e9es<\/strong> : Oumou Tour\u00e9<br><strong>Finalit\u00e9 du traitement<\/strong> : Gestion des commandes, suivi client, am\u00e9lioration des services.<br>Les donn\u00e9es personnelles ne sont jamais communiqu\u00e9es \u00e0 des tiers sans votre consentement pr\u00e9alable, sauf dans les cas pr\u00e9vus par la loi.<\/p><h2 class=\"wp-block-heading\">5. <strong>Cookies<\/strong><\/h2><p>Le site O&#8217;Flyer utilise des <strong>cookies<\/strong> pour optimiser l\u2019exp\u00e9rience utilisateur et r\u00e9aliser des statistiques de visite.<\/p><ul class=\"wp-block-list\"><li><strong>Cookies fonctionnels<\/strong> : Ces cookies sont n\u00e9cessaires au bon fonctionnement du site et ne n\u00e9cessitent pas de consentement pr\u00e9alable.<\/li>\n\n<li><strong>Cookies analytiques<\/strong> : Ces cookies permettent d\u2019obtenir des statistiques anonymes sur les visites du site et sont soumis \u00e0 votre consentement.<\/li><\/ul><p>Vous avez la possibilit\u00e9 de refuser ou d&#8217;accepter les cookies en modifiant les param\u00e8tres de votre navigateur. Pour en savoir plus, consultez notre [Politique de cookies]<\/p><h2 class=\"wp-block-heading\">6. <strong>Responsabilit\u00e9<\/strong><\/h2><p>Oumou Tour\u00e9 s&#8217;efforce de fournir des informations exactes et \u00e0 jour sur le site O&#8217;Flyer. Toutefois, elle ne peut \u00eatre tenue responsable des erreurs ou omissions, ni des dommages directs ou indirects d\u00e9coulant de l&#8217;utilisation du site ou des informations qui y sont propos\u00e9es.<\/p><h2 class=\"wp-block-heading\">7. <strong>Liens hypertextes<\/strong><\/h2><p>Le site O&#8217;Flyer peut contenir des liens hypertextes vers d&#8217;autres sites. Oumou Tour\u00e9 d\u00e9cline toute responsabilit\u00e9 quant au contenu ou \u00e0 la politique de confidentialit\u00e9 de ces sites.<\/p><h2 class=\"wp-block-heading\">8. <strong>Droit applicable et juridiction comp\u00e9tente<\/strong><\/h2><p>Les pr\u00e9sentes mentions l\u00e9gales sont r\u00e9gies par la l\u00e9gislation europ\u00e9enne et le droit fran\u00e7ais. En cas de litige, et \u00e0 d\u00e9faut de r\u00e9solution amiable, les tribunaux comp\u00e9tents seront ceux du ressort de l&#8217;\u00e9diteur du site<\/p>","protected":false},"excerpt":{"rendered":"<p>1. \u00c9diteur du site Le site O&#8217;Flyer (https:\/\/www.oflyer.hawoly.bubbledouche.fr\/) est \u00e9dit\u00e9 par : 2. H\u00e9bergeur du site Le site O&#8217;Flyer est h\u00e9berg\u00e9 par : 3. Propri\u00e9t\u00e9 intellectuelle L\u2019ensemble des contenus pr\u00e9sents sur le site O&#8217;Flyer (textes, images, logos, etc.) est prot\u00e9g\u00e9 par les lois en vigueur sur la propri\u00e9t\u00e9 intellectuelle. Toute reproduction, distribution, modification, adaptation, retransmission ou publication, m\u00eame partielle, de ces \u00e9l\u00e9ments est strictement interdite sans l&#8217;accord expr\u00e8s par \u00e9crit de Oumou Tour\u00e9. 4. Donn\u00e9es personnelles Conform\u00e9ment au R\u00e8glement G\u00e9n\u00e9ral sur la Protection des Donn\u00e9es (RGPD) en vigueur dans l&#8217;Union europ\u00e9enne, O&#8217;Flyer recueille et traite les donn\u00e9es personnelles de ses utilisateurs dans le respect de leur vie priv\u00e9e.Les informations collect\u00e9es via le site sont utilis\u00e9es exclusivement pour la gestion des commandes, l&#8217;am\u00e9lioration des services, et la communication avec les clients. Pour exercer ces droits, veuillez envoyer un e-mail \u00e0 : (ajouter ton adresse e-mail de contact). Responsable du traitement des donn\u00e9es : Oumou Tour\u00e9Finalit\u00e9 du traitement : Gestion des commandes, suivi client, am\u00e9lioration des services.Les donn\u00e9es personnelles ne sont jamais communiqu\u00e9es \u00e0 des tiers sans votre consentement pr\u00e9alable, sauf dans les cas pr\u00e9vus par la loi. 5. Cookies Le site O&#8217;Flyer utilise des cookies pour optimiser l\u2019exp\u00e9rience utilisateur et r\u00e9aliser des statistiques de visite. Vous avez la possibilit\u00e9 de refuser ou d&#8217;accepter les cookies en modifiant les param\u00e8tres de votre navigateur. Pour en savoir plus, consultez notre [Politique de cookies] 6. Responsabilit\u00e9 Oumou Tour\u00e9 s&#8217;efforce de fournir des informations exactes et \u00e0 jour sur le site O&#8217;Flyer. Toutefois, elle ne peut \u00eatre tenue responsable des erreurs ou omissions, ni des dommages directs ou indirects d\u00e9coulant de l&#8217;utilisation du site ou des informations qui y sont propos\u00e9es. 7. Liens hypertextes Le site O&#8217;Flyer peut contenir des liens hypertextes vers d&#8217;autres sites. Oumou Tour\u00e9 d\u00e9cline toute responsabilit\u00e9 quant au contenu ou \u00e0 la politique de confidentialit\u00e9 de ces sites. 8. Droit applicable et juridiction comp\u00e9tente Les pr\u00e9sentes mentions l\u00e9gales sont r\u00e9gies par la l\u00e9gislation europ\u00e9enne et le droit fran\u00e7ais. En cas de litige, et \u00e0 d\u00e9faut de r\u00e9solution amiable, les tribunaux comp\u00e9tents seront ceux du ressort de l&#8217;\u00e9diteur du site<\/p>\n","protected":false},"author":1,"featured_media":0,"parent":0,"menu_order":0,"comment_status":"closed","ping_status":"closed","template":"","meta":{"_eb_attr":"","_uag_custom_page_level_css":"","site-sidebar-layout":"default","site-content-layout":"","ast-site-content-layout":"","site-content-style":"default","site-sidebar-style":"default","ast-global-header-display":"","ast-banner-title-visibility":"","ast-main-header-display":"","ast-hfb-above-header-display":"","ast-hfb-below-header-display":"","ast-hfb-mobile-header-display":"","site-post-title":"","ast-breadcrumbs-content":"","ast-featured-img":"","footer-sml-layout":"","theme-transparent-header-meta":"","adv-header-id-meta":"","stick-header-meta":"","header-above-stick-meta":"","header-main-stick-meta":"","header-below-stick-meta":"","astra-migrate-meta-layouts":"default","ast-page-background-enabled":"default","ast-page-background-meta":{"desktop":{"background-color":"var(--ast-global-color-4)","background-image":"","background-repeat":"repeat","background-position":"center center","background-size":"auto","background-attachment":"scroll","background-type":"","background-media":"","overlay-type":"","overlay-color":"","overlay-opacity":"","overlay-gradient":""},"tablet":{"background-color":"","background-image":"","background-repeat":"repeat","background-position":"center center","background-size":"auto","background-attachment":"scroll","background-type":"","background-media":"","overlay-type":"","overlay-color":"","overlay-opacity":"","overlay-gradient":""},"mobile":{"background-color":"","background-image":"","background-repeat":"repeat","background-position":"center center","background-size":"auto","background-attachment":"scroll","background-type":"","background-media":"","overlay-type":"","overlay-color":"","overlay-opacity":"","overlay-gradient":""}},"ast-content-background-meta":{"desktop":{"background-color":"var(--ast-global-color-5)","background-image":"","background-repeat":"repeat","background-position":"center center","background-size":"auto","background-attachment":"scroll","background-type":"","background-media":"","overlay-type":"","overlay-color":"","overlay-opacity":"","overlay-gradient":""},"tablet":{"background-color":"var(--ast-global-color-5)","background-image":"","background-repeat":"repeat","background-position":"center center","background-size":"auto","background-attachment":"scroll","background-type":"","background-media":"","overlay-type":"","overlay-color":"","overlay-opacity":"","overlay-gradient":""},"mobile":{"background-color":"var(--ast-global-color-5)","background-image":"","background-repeat":"repeat","background-position":"center center","background-size":"auto","background-attachment":"scroll","background-type":"","background-media":"","overlay-type":"","overlay-color":"","overlay-opacity":"","overlay-gradient":""}},"footnotes":""},"class_list":["post-176","page","type-page","status-publish","hentry"],"jetpack_sharing_enabled":true,"uagb_featured_image_src":{"full":false,"thumbnail":false,"medium":false,"medium_large":false,"large":false,"1536x1536":false,"2048x2048":false,"mailpoet_newsletter_max":false,"woocommerce_thumbnail":false,"woocommerce_single":false,"woocommerce_gallery_thumbnail":false},"uagb_author_info":{"display_name":"oumou","author_link":"https:\/\/www.oflyer.hawoly.bubbledouche.fr\/?author=1"},"uagb_comment_info":0,"uagb_excerpt":"1. \u00c9diteur du site Le site O&#8217;Flyer (https:\/\/www.oflyer.hawoly.bubbledouche.fr\/) est \u00e9dit\u00e9 par : 2. H\u00e9bergeur du site Le site O&#8217;Flyer est h\u00e9berg\u00e9 par : 3. Propri\u00e9t\u00e9 intellectuelle L\u2019ensemble des contenus pr\u00e9sents sur le site O&#8217;Flyer (textes, images, logos, etc.) est prot\u00e9g\u00e9 par les lois en vigueur sur la propri\u00e9t\u00e9 intellectuelle. Toute reproduction, distribution, modification, adaptation, retransmission\u2026","_links":{"self":[{"href":"https:\/\/www.oflyer.hawoly.bubbledouche.fr\/index.php?rest_route=\/wp\/v2\/pages\/176","targetHints":{"allow":["GET"]}}],"collection":[{"href":"https:\/\/www.oflyer.hawoly.bubbledouche.fr\/index.php?rest_route=\/wp\/v2\/pages"}],"about":[{"href":"https:\/\/www.oflyer.hawoly.bubbledouche.fr\/index.php?rest_route=\/wp\/v2\/types\/page"}],"author":[{"embeddable":true,"href":"https:\/\/www.oflyer.hawoly.bubbledouche.fr\/index.php?rest_route=\/wp\/v2\/users\/1"}],"replies":[{"embeddable":true,"href":"https:\/\/www.oflyer.hawoly.bubbledouche.fr\/index.php?rest_route=%2Fwp%2Fv2%2Fcomments&post=176"}],"version-history":[{"count":2,"href":"https:\/\/www.oflyer.hawoly.bubbledouche.fr\/index.php?rest_route=\/wp\/v2\/pages\/176\/revisions"}],"predecessor-version":[{"id":346,"href":"https:\/\/www.oflyer.hawoly.bubbledouche.fr\/index.php?rest_route=\/wp\/v2\/pages\/176\/revisions\/346"}],"wp:attachment":[{"href":"https:\/\/www.oflyer.hawoly.bubbledouche.fr\/index.php?rest_route=%2Fwp%2Fv2%2Fmedia&parent=176"}],"curies":[{"name":"wp","href":"https:\/\/api.w.org\/{rel}","templated":true}]}}