{"id":205,"date":"2024-09-19T15:32:29","date_gmt":"2024-09-19T15:32:29","guid":{"rendered":"https:\/\/oflyer.wordifysites.com\/?post_type=product&#038;p=205"},"modified":"2024-09-19T15:32:29","modified_gmt":"2024-09-19T15:32:29","slug":"certificat-damitie","status":"publish","type":"product","link":"https:\/\/www.oflyer.hawoly.bubbledouche.fr\/?product=certificat-damitie","title":{"rendered":"Certificat d&#8217;amiti\u00e9"},"content":{"rendered":"<p>C\u00e9l\u00e9brez vos amiti\u00e9s de mani\u00e8re originale et touchante avec nos certificats d&#8217;amiti\u00e9 personnalis\u00e9s. Con\u00e7us sp\u00e9cialement pour rendre hommage \u00e0 ces relations uniques, nos certificats sont parfaits pour marquer une occasion sp\u00e9ciale, un anniversaire, ou simplement pour t\u00e9moigner de votre affection \u00e0 un ami cher. Chaque certificat est enti\u00e8rement personnalisable, que ce soit au niveau du design, du texte ou des \u00e9l\u00e9ments graphiques, afin de refl\u00e9ter au mieux la singularit\u00e9 et la profondeur de votre lien. <\/p>\n<p>Que vous souhaitiez surprendre un ami de longue date ou immortaliser une nouvelle amiti\u00e9, nos certificats sont un moyen \u00e9l\u00e9gant et sinc\u00e8re de montrer votre attachement. Offrez un souvenir intemporel, soigneusement con\u00e7u, qui fera sourire et r\u00e9chauffera le c\u0153ur de ceux que vous appr\u00e9ciez le plus.<\/p>\n","protected":false},"excerpt":{"rendered":"<p>Offrez un cadeau unique et symbolique avec nos certificats d&#8217;amiti\u00e9 personnalis\u00e9s. Que ce soit pour c\u00e9l\u00e9brer une relation sp\u00e9ciale ou marquer un moment important, nos certificats sont con\u00e7us sur mesure pour refl\u00e9ter la beaut\u00e9 et la valeur de votre amiti\u00e9. Un souvenir original et touchant, parfait pour surprendre vos proches et immortaliser des liens pr\u00e9cieux.<\/p>\n","protected":false},"featured_media":208,"comment_status":"open","ping_status":"closed","template":"","meta":{"_eb_attr":"","_uag_custom_page_level_css":"","site-sidebar-layout":"default","site-content-layout":"","ast-site-content-layout":"default","site-content-style":"default","site-sidebar-style":"default","ast-global-header-display":"","ast-banner-title-visibility":"","ast-main-header-display":"","ast-hfb-above-header-display":"","ast-hfb-below-header-display":"","ast-hfb-mobile-header-display":"","site-post-title":"","ast-breadcrumbs-content":"","ast-featured-img":"","footer-sml-layout":"","theme-transparent-header-meta":"default","adv-header-id-meta":"","stick-header-meta":"","header-above-stick-meta":"","header-main-stick-meta":"","header-below-stick-meta":"","astra-migrate-meta-layouts":"set","ast-page-background-enabled":"default","ast-page-background-meta":{"desktop":{"background-color":"var(--ast-global-color-4)","background-image":"","background-repeat":"repeat","background-position":"center center","background-size":"auto","background-attachment":"scroll","background-type":"","background-media":"","overlay-type":"","overlay-color":"","overlay-opacity":"","overlay-gradient":""},"tablet":{"background-color":"","background-image":"","background-repeat":"repeat","background-position":"center center","background-size":"auto","background-attachment":"scroll","background-type":"","background-media":"","overlay-type":"","overlay-color":"","overlay-opacity":"","overlay-gradient":""},"mobile":{"background-color":"","background-image":"","background-repeat":"repeat","background-position":"center center","background-size":"auto","background-attachment":"scroll","background-type":"","background-media":"","overlay-type":"","overlay-color":"","overlay-opacity":"","overlay-gradient":""}},"ast-content-background-meta":{"desktop":{"background-color":"var(--ast-global-color-5)","background-image":"","background-repeat":"repeat","background-position":"center center","background-size":"auto","background-attachment":"scroll","background-type":"","background-media":"","overlay-type":"","overlay-color":"","overlay-opacity":"","overlay-gradient":""},"tablet":{"background-color":"var(--ast-global-color-5)","background-image":"","background-repeat":"repeat","background-position":"center center","background-size":"auto","background-attachment":"scroll","background-type":"","background-media":"","overlay-type":"","overlay-color":"","overlay-opacity":"","overlay-gradient":""},"mobile":{"background-color":"var(--ast-global-color-5)","background-image":"","background-repeat":"repeat","background-position":"center center","background-size":"auto","background-attachment":"scroll","background-type":"","background-media":"","overlay-type":"","overlay-color":"","overlay-opacity":"","overlay-gradient":""}}},"product_cat":[18],"product_tag":[],"class_list":{"0":"post-205","1":"product","2":"type-product","3":"status-publish","4":"has-post-thumbnail","6":"product_cat-certificat-damitie","7":"desktop-align-left","8":"tablet-align-left","9":"mobile-align-left","11":"first","12":"instock","13":"shipping-taxable","14":"purchasable","15":"product-type-variable"},"jetpack_sharing_enabled":true,"uagb_featured_image_src":{"full":["https:\/\/www.oflyer.hawoly.bubbledouche.fr\/wp-content\/uploads\/2024\/09\/WhatsApp-Image-2024-09-19-at-17.30.42.jpeg",1067,1600,false],"thumbnail":["https:\/\/www.oflyer.hawoly.bubbledouche.fr\/wp-content\/uploads\/2024\/09\/WhatsApp-Image-2024-09-19-at-17.30.42-150x150.jpeg",150,150,true],"medium":["https:\/\/www.oflyer.hawoly.bubbledouche.fr\/wp-content\/uploads\/2024\/09\/WhatsApp-Image-2024-09-19-at-17.30.42-200x300.jpeg",200,300,true],"medium_large":["https:\/\/www.oflyer.hawoly.bubbledouche.fr\/wp-content\/uploads\/2024\/09\/WhatsApp-Image-2024-09-19-at-17.30.42-768x1152.jpeg",768,1152,true],"large":["https:\/\/www.oflyer.hawoly.bubbledouche.fr\/wp-content\/uploads\/2024\/09\/WhatsApp-Image-2024-09-19-at-17.30.42-683x1024.jpeg",683,1024,true],"1536x1536":["https:\/\/www.oflyer.hawoly.bubbledouche.fr\/wp-content\/uploads\/2024\/09\/WhatsApp-Image-2024-09-19-at-17.30.42-1024x1536.jpeg",1024,1536,true],"2048x2048":["https:\/\/www.oflyer.hawoly.bubbledouche.fr\/wp-content\/uploads\/2024\/09\/WhatsApp-Image-2024-09-19-at-17.30.42.jpeg",1067,1600,false],"mailpoet_newsletter_max":["https:\/\/www.oflyer.hawoly.bubbledouche.fr\/wp-content\/uploads\/2024\/09\/WhatsApp-Image-2024-09-19-at-17.30.42.jpeg",1067,1600,false],"woocommerce_thumbnail":["https:\/\/www.oflyer.hawoly.bubbledouche.fr\/wp-content\/uploads\/2024\/09\/WhatsApp-Image-2024-09-19-at-17.30.42-300x300.jpeg",300,300,true],"woocommerce_single":["https:\/\/www.oflyer.hawoly.bubbledouche.fr\/wp-content\/uploads\/2024\/09\/WhatsApp-Image-2024-09-19-at-17.30.42-600x900.jpeg",600,900,true],"woocommerce_gallery_thumbnail":["https:\/\/www.oflyer.hawoly.bubbledouche.fr\/wp-content\/uploads\/2024\/09\/WhatsApp-Image-2024-09-19-at-17.30.42-100x100.jpeg",100,100,true]},"uagb_author_info":{"display_name":"oumou","author_link":"https:\/\/www.oflyer.hawoly.bubbledouche.fr\/?author=0"},"uagb_comment_info":0,"uagb_excerpt":"Offrez un cadeau unique et symbolique avec nos certificats d'amiti\u00e9 personnalis\u00e9s. Que ce soit pour c\u00e9l\u00e9brer une relation sp\u00e9ciale ou marquer un moment important, nos certificats sont con\u00e7us sur mesure pour refl\u00e9ter la beaut\u00e9 et la valeur de votre amiti\u00e9. Un souvenir original et touchant, parfait pour surprendre vos proches et immortaliser des liens pr\u00e9cieux.","_links":{"self":[{"href":"https:\/\/www.oflyer.hawoly.bubbledouche.fr\/index.php?rest_route=\/wp\/v2\/product\/205","targetHints":{"allow":["GET"]}}],"collection":[{"href":"https:\/\/www.oflyer.hawoly.bubbledouche.fr\/index.php?rest_route=\/wp\/v2\/product"}],"about":[{"href":"https:\/\/www.oflyer.hawoly.bubbledouche.fr\/index.php?rest_route=\/wp\/v2\/types\/product"}],"replies":[{"embeddable":true,"href":"https:\/\/www.oflyer.hawoly.bubbledouche.fr\/index.php?rest_route=%2Fwp%2Fv2%2Fcomments&post=205"}],"wp:featuredmedia":[{"embeddable":true,"href":"https:\/\/www.oflyer.hawoly.bubbledouche.fr\/index.php?rest_route=\/wp\/v2\/media\/208"}],"wp:attachment":[{"href":"https:\/\/www.oflyer.hawoly.bubbledouche.fr\/index.php?rest_route=%2Fwp%2Fv2%2Fmedia&parent=205"}],"wp:term":[{"taxonomy":"product_cat","embeddable":true,"href":"https:\/\/www.oflyer.hawoly.bubbledouche.fr\/index.php?rest_route=%2Fwp%2Fv2%2Fproduct_cat&post=205"},{"taxonomy":"product_tag","embeddable":true,"href":"https:\/\/www.oflyer.hawoly.bubbledouche.fr\/index.php?rest_route=%2Fwp%2Fv2%2Fproduct_tag&post=205"}],"curies":[{"name":"wp","href":"https:\/\/api.w.org\/{rel}","templated":true}]}}